{"id":4104,"date":"2024-06-10T02:08:00","date_gmt":"2024-06-10T00:08:00","guid":{"rendered":"https:\/\/climalux.nu\/oswiadczenie-o-ochronie-prywatnosci\/"},"modified":"2025-03-14T16:47:05","modified_gmt":"2025-03-14T14:47:05","slug":"oswiadczenie-o-ochronie-prywatnosci","status":"publish","type":"page","link":"https:\/\/climalux.nu\/pl\/oswiadczenie-o-ochronie-prywatnosci\/","title":{"rendered":"O\u015bwiadczenie o ochronie prywatno\u015bci"},"content":{"rendered":"\t\t<div data-elementor-type=\"wp-page\" data-elementor-id=\"4104\" class=\"elementor elementor-4104 elementor-1087\" data-elementor-post-type=\"page\">\n\t\t\t\t<div class=\"elementor-element elementor-element-5b8e4ccb e-flex e-con-boxed e-con e-parent\" data-id=\"5b8e4ccb\" data-element_type=\"container\">\n\t\t\t\t\t<div class=\"e-con-inner\">\n\t\t\t\t<div class=\"elementor-element elementor-element-0afc169 elementor-invisible elementor-widget elementor-widget-heading\" data-id=\"0afc169\" data-element_type=\"widget\" data-settings=\"{&quot;_animation&quot;:&quot;fadeIn&quot;}\" data-widget_type=\"heading.default\">\n\t\t\t\t<div class=\"elementor-widget-container\">\n\t\t\t\t\t<h2 class=\"elementor-heading-title elementor-size-default\">O\u015bwiadczenie o ochronie prywatno\u015bci<\/h2>\t\t\t\t<\/div>\n\t\t\t\t<\/div>\n\t\t\t\t<div class=\"elementor-element elementor-element-5cff781d elementor-invisible elementor-widget elementor-widget-text-editor\" data-id=\"5cff781d\" data-element_type=\"widget\" data-settings=\"{&quot;_animation&quot;:&quot;fadeIn&quot;}\" data-widget_type=\"text-editor.default\">\n\t\t\t\t<div class=\"elementor-widget-container\">\n\t\t\t\t\t\t\t\t\t<p>Pozyskujemy Twoje dane osobowe, gdy odwiedzasz nasz\u0105 stron\u0119 internetow\u0105 climalux.nu lub kontaktujesz si\u0119 z nasz\u0105 firm\u0119. Niniejsza polityka prywatno\u015bci opisuje, w jaki spos\u00f3b wykorzystujemy te dane. Ka\u017cdorazowo przetwarzamy Twoje dane osobowe z zachowaniem ostro\u017cno\u015bci i dbamy o ich bezpieczne przechowywanie. Je\u015bli masz jakiekolwiek pytania lub chcesz dowiedzie\u0107 si\u0119, jakie dane przechowujemy, skontaktuj si\u0119 z nasz\u0105 firm\u0105. Zastrzegamy sobie prawo do zmiany niniejszej polityki prywatno\u015bci w dowolnym momencie. Zalecamy regularne sprawdzanie naszej polityki prywatno\u015bci, aby mie\u0107 pewno\u015b\u0107, \u017ce zawsze jeste\u015b na bie\u017c\u0105co ze wszystkimi zmianami. Niniejsza polityka prywatno\u015bci zosta\u0142a ostatnio zmieniona w dniu 30 listopada 2023 r.<\/p><p><strong>Spis tre\u015bci<\/strong><\/p><ol><li><p>Kiedy obowi\u0105zuje niniejsza polityka prywatno\u015bci?<\/p><\/li><li><p>Kto wykorzystuje Twoje dane?<\/p><\/li><li><p>Czyje dane wykorzystujemy?<\/p><\/li><li><p>W jaki spos\u00f3b uzyskujemy Twoje dane?<\/p><\/li><li><p>Jakie dane wykorzystujemy?<\/p><\/li><li><p>W jakim(-ich) celu(-ach) wykorzystujemy Twoje dane?<\/p><\/li><li><p>Jak d\u0142ugo przechowujemy Twoje dane?<\/p><\/li><li><p>Komu udost\u0119pniamy Twoje dane?<\/p><\/li><li><p>Gdzie zapisujemy Twoje dane?<\/p><\/li><li><p>Jak bezpieczne s\u0105 Twoje dane w naszej firmie?<\/p><\/li><li><p>Czego mo\u017cesz za\u017c\u0105da\u0107 od naszej firmy?<\/p><\/li><li><p>Jakie przepisy maj\u0105 zastosowanie do niniejszej polityki prywatno\u015bci?<\/p><\/li><li><p>Jakie pliki cookie wykorzystujemy?<\/p><\/li><li><p>Co robimy z danymi os\u00f3b nieletnich?<\/p><\/li><li><p>Czy masz jakiekolwiek pytania dotycz\u0105ce niniejszej polityki prywatno\u015bci?<\/p><\/li><\/ol><p><strong>1. Kiedy obowi\u0105zuje niniejsza polityka prywatno\u015bci?<br \/><\/strong>Niniejsza polityka prywatno\u015bci obowi\u0105zuje w odniesieniu do wszystkich danych osobowych, kt\u00f3re przetwarzamy, a tak\u017ce wszystkich domen powi\u0105zanych z nasz\u0105 firm\u0105. Dotyczy to danych osobowych wszystkich os\u00f3b, z kt\u00f3rymi mieli\u015bmy kontakt, kt\u00f3re odwiedzi\u0142y nasz\u0105 stron\u0119 internetow\u0105, w tym odwiedzaj\u0105cych, klient\u00f3w oraz os\u00f3b kontaktowych w sprawach biznesowych. Dane osobowe obejmuj\u0105 wszelkie informacje, kt\u00f3re mog\u0105 zosta\u0107 powi\u0105zane z Tob\u0105 jako osob\u0105, w tym Twoje imi\u0119 i nazwisko, numer telefonu, adres IP, numer klienta oraz dane dotycz\u0105ce Twoich nawyk\u00f3w przegl\u0105dania. Je\u015bli chcesz dowiedzie\u0107 si\u0119 wi\u0119cej na temat danych osobowych, odwied\u017a stron\u0119 internetow\u0105 holenderskiego Urz\u0119du Ochrony Danych Osobowych (Autoriteit Persoonsgegevens).<\/p><p><strong style=\"font-family: -apple-system, BlinkMacSystemFont, 'Segoe UI', Roboto, 'Helvetica Neue', Arial, 'Noto Sans', sans-serif, 'Apple Color Emoji', 'Segoe UI Emoji', 'Segoe UI Symbol', 'Noto Color Emoji';\">2. Kto wykorzystuje Twoje dane?<br \/><\/strong>Firma Climalux jest odpowiedzialna za stron\u0119 internetow\u0105 climalux.nu i to ona odpowiada za wykorzystywanie danych osobowych zgodnie z zapisami zawartymi w niniejszej polityce prywatno\u015bci. Pe\u0142ny adres firmy to:<\/p><p style=\"padding-left: 40px;\">Climalux B.V.<br \/>Prins Hendrikweg 14<br \/>3151AE Hoek van Holland<br \/>Holandia<br \/>KVK: 74397125<\/p><p><strong>3. <\/strong><strong style=\"font-family: -apple-system, BlinkMacSystemFont, 'Segoe UI', Roboto, 'Helvetica Neue', Arial, 'Noto Sans', sans-serif, 'Apple Color Emoji', 'Segoe UI Emoji', 'Segoe UI Symbol', 'Noto Color Emoji';\">Czyje dane wykorzystujemy?<\/strong><\/p><p>Przetwarzamy dane osobowe wszystkich os\u00f3b, kt\u00f3re mia\u0142y kontakt z nasz\u0105 firm\u0105 lub odwiedzi\u0142y nasz\u0105 stron\u0119 internetow\u0105. Obejmuje to osoby odwiedzaj\u0105ce, klient\u00f3w prywatnych, klient\u00f3w biznesowych i osoby kontaktowe naszych partner\u00f3w biznesowych.<\/p><p><strong style=\"font-family: -apple-system, BlinkMacSystemFont, 'Segoe UI', Roboto, 'Helvetica Neue', Arial, 'Noto Sans', sans-serif, 'Apple Color Emoji', 'Segoe UI Emoji', 'Segoe UI Symbol', 'Noto Color Emoji';\">4. W jaki spos\u00f3b uzyskujemy Twoje dane?<br \/><\/strong>Twoje dane osobowe uzyskujemy bezpo\u015brednio, gdy:<\/p><p style=\"padding-left: 40px;\">&#8211; wprowadza\u0107 dane na naszej stronie internetowej<\/p><p><strong>5. Jakich danych u\u017cywamy od u\u017cytkownika?<\/strong><br \/>Wykorzystujemy nast\u0119puj\u0105ce dane:<\/p><p style=\"padding-left: 40px;\">&#8211; imi\u0119 i nazwisko<br \/>&#8211; adres domowy lub s\u0142u\u017cbowy<br \/>&#8211; adres e-mail<br \/>&#8211; numer telefonu<br \/>&#8211; materia\u0142 fotograficzny<\/p><p><strong>6. <\/strong><strong>W jakim(-ich) celu(-ach) wykorzystujemy Twoje dane?<br \/><\/strong>Wykorzystujemy Twoje dane osobowe wy\u0142\u0105cznie w celach, do kt\u00f3rych mamy prawo:<\/p><p style=\"padding-left: 40px;\">&#8211; otrzymali\u015bmy Twoj\u0105 zgod\u0119 na wykorzystanie Twoich danych osobowych<br \/>&#8211; wykorzystujemy Twoje dane osobowe, aby zapewni\u0107 optymaln\u0105 obs\u0142ug\u0119 klienta \u2013 bez nich nie mogliby\u015bmy tego zrobi\u0107.<\/p><p><strong>7. <\/strong><strong style=\"font-family: -apple-system, BlinkMacSystemFont, 'Segoe UI', Roboto, 'Helvetica Neue', Arial, 'Noto Sans', sans-serif, 'Apple Color Emoji', 'Segoe UI Emoji', 'Segoe UI Symbol', 'Noto Color Emoji';\">Jak d\u0142ugo przechowujemy Twoje dane?<br \/><\/strong>Przechowujemy Twoje dane osobowe tak d\u0142ugo, jak wymagaj\u0105 tego przepisy prawa oraz jak jest to niezb\u0119dne do realizacji celu, dla kt\u00f3rego zosta\u0142y zebrane. Na przyk\u0142ad, je\u015bli jeste\u015b naszym klientem, b\u0119dziemy przechowywa\u0107 Twoje dane osobowe przez okres wymagany przepisami prawa, czyli do siedmiu lat. Po up\u0142ywie tego okresu b\u0119dziemy przechowywa\u0107 Twoje dane osobowe wy\u0142\u0105cznie do cel\u00f3w statystycznych oraz na potrzeby rozpatrywania skarg lub spraw prawnych. Prosimy o kontakt z nasz\u0105 firm\u0105, je\u015bli chcesz uzyska\u0107 wi\u0119cej informacji na temat okres\u00f3w przechowywania r\u00f3\u017cnych kategorii danych osobowych.<\/p><p><strong style=\"font-family: -apple-system, BlinkMacSystemFont, 'Segoe UI', Roboto, 'Helvetica Neue', Arial, 'Noto Sans', sans-serif, 'Apple Color Emoji', 'Segoe UI Emoji', 'Segoe UI Symbol', 'Noto Color Emoji';\">8. Komu udost\u0119pniamy Twoje dane?<br \/><\/strong>Twoje dane osobowe b\u0119d\u0105 wykorzystywane wy\u0142\u0105cznie przez nasz\u0105 firm\u0119. Twoje dane osobowe nigdy nie zostan\u0105 udost\u0119pnione osobom trzecim.<\/p><p><strong style=\"font-family: -apple-system, BlinkMacSystemFont, 'Segoe UI', Roboto, 'Helvetica Neue', Arial, 'Noto Sans', sans-serif, 'Apple Color Emoji', 'Segoe UI Emoji', 'Segoe UI Symbol', 'Noto Color Emoji';\">9. Gdzie zapisujemy Twoje dane?<br \/><\/strong>Przetwarzamy Twoje dane osobowe wy\u0142\u0105cznie na terenie Europejskiego Obszaru Gospodarczego (EOG). Obejmuje to r\u00f3wnie\u017c przechowywanie Twoich danych osobowych na terenie EOG. Prosimy o kontakt z nasz\u0105 firm\u0105, je\u015bli masz jakiekolwiek dalsze pytania w tej sprawie.<\/p><p><strong style=\"font-family: -apple-system, BlinkMacSystemFont, 'Segoe UI', Roboto, 'Helvetica Neue', Arial, 'Noto Sans', sans-serif, 'Apple Color Emoji', 'Segoe UI Emoji', 'Segoe UI Symbol', 'Noto Color Emoji';\">10. Jak bezpieczne s\u0105 Twoje dane w naszej firmie?<\/strong>Do\u0142o\u017cyli\u015bmy wszelkich stara\u0144, aby zabezpieczy\u0107 Twoje dane osobowe jak najlepiej, zar\u00f3wno pod wzgl\u0119dem organizacyjnym, jak i technicznym. Nasze systemy i \u015brodki komunikacji zosta\u0142y odpowiednio zabezpieczone, aby zapewni\u0107 ochron\u0119 Twoich danych przed dost\u0119pem os\u00f3b trzecich. Twoje dane osobowe s\u0105 bezpieczne w naszej firmie. Zapewniamy r\u00f3wnie\u017c, \u017ce Twoje dane s\u0105 wykorzystywane wy\u0142\u0105cznie przez osoby, kt\u00f3re zosta\u0142y odpowiednio upowa\u017cnione przez nasz\u0105 firm\u0119. Prosimy o kontakt z nasz\u0105 firm\u0105, je\u015bli masz jakiekolwiek pytania dotycz\u0105ce naszych szczeg\u00f3\u0142owych praktyk w zakresie bezpiecze\u0144stwa.<\/p><ol start=\"11\"><li><p><strong> Czego mo\u017cesz za\u017c\u0105da\u0107 od naszej firmy?<\/strong><\/p><\/li><\/ol><p><strong>Przys\u0142uguj\u0105 Ci \u015bci\u015ble okre\u015blone prawa w odniesieniu do wykorzystywania Twoich danych osobowych przez nasz\u0105 firm\u0119. Prawa te zosta\u0142y wymienione poni\u017cej<\/strong><\/p><p style=\"padding-left: 40px;\"><strong>Prawo do informacji<\/strong><br \/>Musimy wyja\u015bni\u0107 u\u017cytkownikowi w zrozumia\u0142y i jasny spos\u00f3b, co robimy z jego danymi i jak\u0105 ma nad nimi kontrol\u0119. W zwi\u0105zku z tym w niniejszym o\u015bwiadczeniu o ochronie prywatno\u015bci szczeg\u00f3\u0142owo wyja\u015bniamy, jakie dane zbieramy od u\u017cytkownik\u00f3w i w jaki spos\u00f3b je przetwarzamy.<\/p><p style=\"padding-left: 40px;\"><strong>Prawo do wgl\u0105du<\/strong> na stronie<br \/>U\u017cytkownik mo\u017ce zawsze poprosi\u0107 nas o wgl\u0105d w przechowywane przez nas dane dotycz\u0105ce jego osoby.<\/p><p style=\"padding-left: 40px;\"><strong>Prawo do poprawienia<\/strong> danych<br \/>U\u017cytkownik mo\u017ce poprosi\u0107 nas o poprawienie jego danych, je\u015bli s\u0105 one nieprawid\u0142owe lub niekompletne.<\/p><p style=\"padding-left: 40px;\"><strong>Prawo do sprzeciwu<\/strong><br \/>U\u017cytkownik mo\u017ce sprzeciwi\u0107 si\u0119 przetwarzaniu jego danych, je\u015bli nie zgadza si\u0119 ze sposobem, w jaki post\u0119pujemy z jego danymi osobowymi. Prawo to dotyczy danych wykorzystywanych przez nas do marketingu bezpo\u015bredniego. U\u017cytkownik mo\u017ce na przyk\u0142ad poinformowa\u0107 nas, \u017ce nie chce ju\u017c otrzymywa\u0107 od nas wiadomo\u015bci e-mail. Dotyczy to r\u00f3wnie\u017c spersonalizowanych rekomendacji na naszej stronie internetowej.<\/p><p style=\"padding-left: 40px;\"><strong>Prawo do przenoszenia danych<\/strong><br \/>Je\u015bli jeste\u015b naszym klientem lub wyrazi\u0142e\u015b zgod\u0119 na wykorzystywanie przez nas Twoich danych, mo\u017cesz poprosi\u0107 nas o przes\u0142anie Ci danych cyfrowych, kt\u00f3re przechowujemy na Tw\u00f3j temat. Pozwoli to u\u017cytkownikowi na przeniesienie tych danych do innej organizacji, je\u015bli sobie tego \u017cyczy.<\/p><p style=\"padding-left: 40px;\"><strong>Prawo do ograniczenia<\/strong><br \/>U\u017cytkownik mo\u017ce poprosi\u0107 nas o ograniczenie wykorzystania jego danych. Oznacza to, \u017ce w niekt\u00f3rych przypadkach mo\u017cemy przechowywa\u0107 dane u\u017cytkownika, ale ich nie wykorzystywa\u0107.<\/p><p style=\"padding-left: 40px;\"><strong>Prawo do bycia zapomnianym<\/strong><br \/>U\u017cytkownik mo\u017ce poprosi\u0107 nas o usuni\u0119cie wszelkich danych, kt\u00f3re posiadamy na jego temat. Nast\u0119pnie usuniemy wszystkie dane, kt\u00f3re mo\u017cna powi\u0105za\u0107 z u\u017cytkownikiem. W niekt\u00f3rych przypadkach nie mo\u017cemy jeszcze usun\u0105\u0107 danych u\u017cytkownika. Na przyk\u0142ad musimy przechowywa\u0107 niekt\u00f3re dane przez 7 lat dla organ\u00f3w podatkowych.<\/p><p style=\"padding-left: 40px;\"><strong>Prawo do z\u0142o\u017cenia skargi<\/strong><br \/>U\u017cytkownik mo\u017ce z\u0142o\u017cy\u0107 skarg\u0119 dotycz\u0105c\u0105 sposobu, w jaki przetwarzamy jego dane. Je\u015bli masz skarg\u0119, z przyjemno\u015bci\u0105 j\u0105 rozwi\u0105\u017cemy. W tym celu prosimy o kontakt. U\u017cytkownik mo\u017ce r\u00f3wnie\u017c z\u0142o\u017cy\u0107 skarg\u0119 do Urz\u0119du Ochrony Danych Osobowych. Oczywi\u015bcie mamy nadziej\u0119, \u017ce do tego nie dojdzie, ale w skrajnych przypadkach mo\u017cna r\u00f3wnie\u017c wnie\u015b\u0107 skarg\u0119 do s\u0105du. W takim przypadku skarg\u0119 rozpatrzy s\u0105d w miejscu prowadzenia dzia\u0142alno\u015bci przez ClimaLux B.V.<\/p><p style=\"padding-left: 40px;\"><strong>Jak z\u0142o\u017cy\u0107 wniosek lub skarg\u0119?<\/strong><br \/>Prze\u015blij nam swoje \u017c\u0105danie lub skarg\u0119 na adres info@climalux.nu. Wniosek lub skarg\u0119 rozpatrzymy w ci\u0105gu 30 dni. W przypadku wi\u0119kszej liczby wniosk\u00f3w lub skarg lub gdy wniosek lub skarga s\u0105 z\u0142o\u017cone, mo\u017ce to potrwa\u0107 d\u0142u\u017cej. W takim przypadku skontaktujemy si\u0119 z u\u017cytkownikiem najp\u00f3\u017aniej w ci\u0105gu 60 dni. Mo\u017cemy poprosi\u0107 Ci\u0119 o podanie to\u017csamo\u015bci. W takim przypadku poprosimy Ci\u0119 o informacje, aby upewni\u0107 si\u0119, \u017ce jeste\u015b w\u0142a\u015bciw\u0105 osob\u0105, do kt\u00f3rej nale\u017c\u0105 dane osobowe.<\/p><p><strong>12. <\/strong><strong style=\"font-family: -apple-system, BlinkMacSystemFont, 'Segoe UI', Roboto, 'Helvetica Neue', Arial, 'Noto Sans', sans-serif, 'Apple Color Emoji', 'Segoe UI Emoji', 'Segoe UI Symbol', 'Noto Color Emoji';\">Jakie przepisy maj\u0105 zastosowanie do niniejszej polityki prywatno\u015bci?<\/strong><\/p><p>Nasza polityka prywatno\u015bci spe\u0142nia wymagania r\u00f3\u017cnych przepis\u00f3w. Warunki te s\u0105 okre\u015blone g\u0142\u00f3wnie w og\u00f3lnym rozporz\u0105dzeniu o ochronie danych osobowych (RODO). Ponadto do naszej polityki prywatno\u015bci stosuje si\u0119 og\u00f3lne zasady prawa holenderskiego.<\/p><p><strong style=\"font-family: -apple-system, BlinkMacSystemFont, 'Segoe UI', Roboto, 'Helvetica Neue', Arial, 'Noto Sans', sans-serif, 'Apple Color Emoji', 'Segoe UI Emoji', 'Segoe UI Symbol', 'Noto Color Emoji';\">13. Jakie pliki cookie wykorzystujemy?<\/strong><\/p><p>Mo\u017cesz zdecydowa\u0107, kt\u00f3re Twoje dane osobowe b\u0119dziemy wykorzystywa\u0107. Je\u015bli wyrazi\u0142e\u015b(-a\u015b) zgod\u0119 na personalizacj\u0119 Twojego profilu na podstawie Twoich nawyk\u00f3w przegl\u0105dania i wyszukiwania, mo\u017cemy dostosowa\u0107 nasz\u0105 stron\u0119 internetow\u0105, aby by\u0142a \u0142atwiejsza w u\u017cyciu i lepiej dopasowana do Twoich potrzeb. W tym celu wykorzystujemy pliki cookie. Pliki cookie to ma\u0142e pliki tekstowe umieszczane na Twoim urz\u0105dzeniu, kiedy odwiedzasz nasz\u0105 stron\u0119 internetow\u0105.<\/p><p>Na naszej stronie internetowej wykorzystujemy nast\u0119puj\u0105ce rodzaje plik\u00f3w cookie:<\/p><p style=\"padding-left: 40px;\">&#8211; funkcjonalne pliki cookie, takie jak pliki cookie sesji i logowania, s\u0142u\u017c\u0105ce do \u015bledzenia informacji o sesji i logowaniu<\/p><p><strong>14. Co robimy z danymi os\u00f3b nieletnich?<\/strong><\/p><p>Nie kierujemy naszej oferty do os\u00f3b nieletnich, ani za po\u015brednictwem naszej strony internetowej, ani jako organizacja. Oznacza to, \u017ce je\u015bli masz mniej ni\u017c osiemna\u015bcie lat, musisz uzyska\u0107 zgod\u0119 rodzica lub opiekuna na korzystanie z naszej strony internetowej. Je\u017celi jeste\u015b osob\u0105 niepe\u0142noletni\u0105, zak\u0142adamy, \u017ce uzyska\u0142e\u015b(-a\u015b) zgod\u0119 rodzica lub opiekuna przed odwiedzeniem naszej strony internetowej lub sklepu internetowego.<\/p><p><strong>15. Czy masz jakiekolwiek pytania dotycz\u0105ce niniejszej polityki prywatno\u015bci?<\/strong><\/p><p>Czy masz jakiekolwiek pytania dotycz\u0105ce naszej polityki prywatno\u015bci? Skontaktuj si\u0119 z nasz\u0105 firm\u0105, wysy\u0142aj\u0105c wiadomo\u015b\u0107 e-mail na adres: info@climalux.nu.<br \/>Ch\u0119tnie udzielimy Ci pomocy.<\/p>\t\t\t\t\t\t\t\t<\/div>\n\t\t\t\t<\/div>\n\t\t\t\t\t<\/div>\n\t\t\t\t<\/div>\n\t\t\t\t<\/div>\n\t\t","protected":false},"excerpt":{"rendered":"<p>Pozyskujemy Twoje dane osobowe, gdy odwiedzasz nasz\u0105 stron\u0119 internetow\u0105 climalux.nu lub kontaktujesz si\u0119 z nasz\u0105 firm\u0119. Niniejsza polityka prywatno\u015bci opisuje, w jaki spos\u00f3b wykorzystujemy te dane. Ka\u017cdorazowo przetwarzamy Twoje dane osobowe z zachowaniem ostro\u017cno\u015bci i dbamy o ich bezpieczne przechowywanie. Je\u015bli masz jakiekolwiek pytania lub chcesz dowiedzie\u0107 si\u0119, jakie dane przechowujemy, skontaktuj si\u0119 z nasz\u0105 [&hellip;]<\/p>\n","protected":false},"author":1,"featured_media":0,"parent":0,"menu_order":0,"comment_status":"closed","ping_status":"closed","template":"","meta":{"_acf_changed":false,"footnotes":""},"class_list":["post-4104","page","type-page","status-publish","hentry"],"acf":[],"_links":{"self":[{"href":"https:\/\/climalux.nu\/pl\/wp-json\/wp\/v2\/pages\/4104","targetHints":{"allow":["GET"]}}],"collection":[{"href":"https:\/\/climalux.nu\/pl\/wp-json\/wp\/v2\/pages"}],"about":[{"href":"https:\/\/climalux.nu\/pl\/wp-json\/wp\/v2\/types\/page"}],"author":[{"embeddable":true,"href":"https:\/\/climalux.nu\/pl\/wp-json\/wp\/v2\/users\/1"}],"replies":[{"embeddable":true,"href":"https:\/\/climalux.nu\/pl\/wp-json\/wp\/v2\/comments?post=4104"}],"version-history":[{"count":0,"href":"https:\/\/climalux.nu\/pl\/wp-json\/wp\/v2\/pages\/4104\/revisions"}],"wp:attachment":[{"href":"https:\/\/climalux.nu\/pl\/wp-json\/wp\/v2\/media?parent=4104"}],"curies":[{"name":"wp","href":"https:\/\/api.w.org\/{rel}","templated":true}]}}