{"id":4090,"date":"2024-06-10T02:04:19","date_gmt":"2024-06-10T00:04:19","guid":{"rendered":"https:\/\/climalux.nu\/zastrzezenie\/"},"modified":"2025-03-14T16:51:29","modified_gmt":"2025-03-14T14:51:29","slug":"zastrzezenie","status":"publish","type":"page","link":"https:\/\/climalux.nu\/pl\/zastrzezenie\/","title":{"rendered":"O\u015bwiadczenie"},"content":{"rendered":"\t\t<div data-elementor-type=\"wp-page\" data-elementor-id=\"4090\" class=\"elementor elementor-4090 elementor-1083\" data-elementor-post-type=\"page\">\n\t\t\t\t<div class=\"elementor-element elementor-element-9f2b157 e-flex e-con-boxed e-con e-parent\" data-id=\"9f2b157\" data-element_type=\"container\">\n\t\t\t\t\t<div class=\"e-con-inner\">\n\t\t\t\t<div class=\"elementor-element elementor-element-7f62496 elementor-invisible elementor-widget elementor-widget-heading\" data-id=\"7f62496\" data-element_type=\"widget\" data-settings=\"{&quot;_animation&quot;:&quot;fadeIn&quot;}\" data-widget_type=\"heading.default\">\n\t\t\t\t<div class=\"elementor-widget-container\">\n\t\t\t\t\t<h2 class=\"elementor-heading-title elementor-size-default\">O\u015bwiadczenie<\/h2>\t\t\t\t<\/div>\n\t\t\t\t<\/div>\n\t\t\t\t<div class=\"elementor-element elementor-element-1464b44 elementor-invisible elementor-widget elementor-widget-text-editor\" data-id=\"1464b44\" data-element_type=\"widget\" data-settings=\"{&quot;_animation&quot;:&quot;fadeIn&quot;}\" data-widget_type=\"text-editor.default\">\n\t\t\t\t<div class=\"elementor-widget-container\">\n\t\t\t\t\t\t\t\t\t<p>Korzystanie z tej witryny internetowej (climalux.nu) podlega nast\u0119puj\u0105cym warunkom u\u017cytkowania. Uznajemy, \u017ce korzystaj\u0105c z tej witryny internetowej, przeczyta\u0142e\u015b(-a\u015b) i zaakceptowa\u0142e\u015b(-a\u015b) nasze warunki u\u017cytkowania.<\/p><p><strong>Wykorzystanie informacji<\/strong><\/p><p>Firma ClimaLux B.V. dok\u0142ada wszelkich stara\u0144, aby zapewni\u0107, \u017ce informacje zamieszczane na tej stronie internetowej s\u0105 poprawne i aktualne. Chocia\u017c informacje te s\u0105 gromadzone z najwi\u0119ksz\u0105 mo\u017cliw\u0105 staranno\u015bci\u0105, firma ClimaLux B.V. nie gwarantuje ich kompletno\u015bci, poprawno\u015bci ani aktualno\u015bci. Informacje prawne zamieszczone na tej stronie internetowej maj\u0105 charakter og\u00f3lny i nie mog\u0105 by\u0107 traktowane jako zast\u0119pstwo porad prawnych.<\/p><p>Informacje te nie przyznaj\u0105 \u017cadnych praw. ClimaLux B.V. nie ponosi \u017cadnej odpowiedzialno\u015bci za szkody wynikaj\u0105ce z wykorzystania informacji lub strony internetowej, ani za nieprawid\u0142owe dzia\u0142anie samej strony.<\/p><p>Przesy\u0142anie i otrzymywanie informacji za po\u015brednictwem strony internetowej lub poczty e-mail nie prowadzi do nawi\u0105zania jakichkolwiek relacji biznesowych pomi\u0119dzy u\u017cytkownikiem a firm\u0105 ClimaLux B.V.<\/p><p><strong>E-mail<\/strong><\/p><p>Firma Climalux B.V. nie gwarantuje, \u017ce wiadomo\u015bci e-mail wysy\u0142ane do ClimaLux B.V. zostan\u0105 odebrane lub przetworzone (w odpowiednim czasie), poniewa\u017c zagwarantowanie natychmiastowego otrzymania wiadomo\u015bci e-mail nie jest mo\u017cliwe. Tak\u017ce bezpiecze\u0144stwo wiadomo\u015bci e-mail nie mo\u017ce by\u0107 w pe\u0142ni zagwarantowane ze wzgl\u0119du na istniej\u0105ce zagro\u017cenia dla bezpiecze\u0144stwa. Koresponduj\u0105c z Climalux B.V. za po\u015brednictwem poczty e-mail bez szyfrowania lub ochrony has\u0142em, akceptujesz zwi\u0105zane z tym ryzyko.<\/p><p><strong>Hiper\u0142\u0105cza<\/strong><\/p><p>Niniejsza strona internetowa mo\u017ce zawiera\u0107 hiper\u0142\u0105cza do stron internetowych os\u00f3b trzecich. ClimaLux B.V. nie ma \u017cadnego wp\u0142ywu na strony internetowe os\u00f3b trzecich i nie ponosi odpowiedzialno\u015bci za ich dost\u0119pno\u015b\u0107 ani zawarto\u015b\u0107. W zwi\u0105zku z tym, ClimaLux B.V. nie ponosi odpowiedzialno\u015bci za jakiekolwiek szkody powsta\u0142e w wyniku korzystania ze stron internetowych os\u00f3b trzecich.<\/p><p><strong>Prawa w\u0142asno\u015bci intelektualnej <\/strong><\/p><p>Wszystkie publikacje i koncepcje firmy ClimaLux B.V. s\u0105 chronione prawem autorskim i innymi prawami w\u0142asno\u015bci intelektualnej. \u017badna cz\u0119\u015b\u0107 tych publikacji nie mo\u017ce by\u0107 powielana, kopiowana ani upubliczniana w jakikolwiek spos\u00f3b bez uprzedniej pisemnej zgody firmy ClimaLux B.V., z wyj\u0105tkiem u\u017cytku osobistego i niekomercyjnego.<\/p>\t\t\t\t\t\t\t\t<\/div>\n\t\t\t\t<\/div>\n\t\t\t\t\t<\/div>\n\t\t\t\t<\/div>\n\t\t\t\t<\/div>\n\t\t","protected":false},"excerpt":{"rendered":"<p>O\u015bwiadczenie Korzystanie z tej witryny internetowej (climalux.nu) podlega nast\u0119puj\u0105cym warunkom u\u017cytkowania. Uznajemy, \u017ce korzystaj\u0105c z tej witryny internetowej, przeczyta\u0142e\u015b(-a\u015b) i zaakceptowa\u0142e\u015b(-a\u015b) nasze warunki u\u017cytkowania. Wykorzystanie informacji Firma ClimaLux B.V. dok\u0142ada wszelkich stara\u0144, aby zapewni\u0107, \u017ce informacje zamieszczane na tej stronie internetowej s\u0105 poprawne i aktualne. Chocia\u017c informacje te s\u0105 gromadzone z najwi\u0119ksz\u0105 mo\u017cliw\u0105 staranno\u015bci\u0105, firma [&hellip;]<\/p>\n","protected":false},"author":1,"featured_media":0,"parent":0,"menu_order":0,"comment_status":"closed","ping_status":"closed","template":"","meta":{"_acf_changed":false,"footnotes":""},"class_list":["post-4090","page","type-page","status-publish","hentry"],"acf":[],"_links":{"self":[{"href":"https:\/\/climalux.nu\/pl\/wp-json\/wp\/v2\/pages\/4090","targetHints":{"allow":["GET"]}}],"collection":[{"href":"https:\/\/climalux.nu\/pl\/wp-json\/wp\/v2\/pages"}],"about":[{"href":"https:\/\/climalux.nu\/pl\/wp-json\/wp\/v2\/types\/page"}],"author":[{"embeddable":true,"href":"https:\/\/climalux.nu\/pl\/wp-json\/wp\/v2\/users\/1"}],"replies":[{"embeddable":true,"href":"https:\/\/climalux.nu\/pl\/wp-json\/wp\/v2\/comments?post=4090"}],"version-history":[{"count":0,"href":"https:\/\/climalux.nu\/pl\/wp-json\/wp\/v2\/pages\/4090\/revisions"}],"wp:attachment":[{"href":"https:\/\/climalux.nu\/pl\/wp-json\/wp\/v2\/media?parent=4090"}],"curies":[{"name":"wp","href":"https:\/\/api.w.org\/{rel}","templated":true}]}}