{"id":1689,"date":"2024-06-10T02:04:19","date_gmt":"2024-06-10T00:04:19","guid":{"rendered":"https:\/\/climalux.nu\/haftungsausschluss\/"},"modified":"2025-03-03T12:48:13","modified_gmt":"2025-03-03T10:48:13","slug":"haftungsausschluss","status":"publish","type":"page","link":"https:\/\/climalux.nu\/de\/haftungsausschluss\/","title":{"rendered":"Haftungsausschluss"},"content":{"rendered":"\t\t<div data-elementor-type=\"wp-page\" data-elementor-id=\"1689\" class=\"elementor elementor-1689 elementor-1083\" data-elementor-post-type=\"page\">\n\t\t\t\t<div class=\"elementor-element elementor-element-9f2b157 e-flex e-con-boxed e-con e-parent\" data-id=\"9f2b157\" data-element_type=\"container\">\n\t\t\t\t\t<div class=\"e-con-inner\">\n\t\t\t\t<div class=\"elementor-element elementor-element-7f62496 elementor-invisible elementor-widget elementor-widget-heading\" data-id=\"7f62496\" data-element_type=\"widget\" data-settings=\"{&quot;_animation&quot;:&quot;fadeIn&quot;}\" data-widget_type=\"heading.default\">\n\t\t\t\t<div class=\"elementor-widget-container\">\n\t\t\t\t\t<h2 class=\"elementor-heading-title elementor-size-default\">Haftungsausschluss<\/h2>\t\t\t\t<\/div>\n\t\t\t\t<\/div>\n\t\t\t\t<div class=\"elementor-element elementor-element-1464b44 elementor-invisible elementor-widget elementor-widget-text-editor\" data-id=\"1464b44\" data-element_type=\"widget\" data-settings=\"{&quot;_animation&quot;:&quot;fadeIn&quot;}\" data-widget_type=\"text-editor.default\">\n\t\t\t\t<div class=\"elementor-widget-container\">\n\t\t\t\t\t\t\t\t\tDie Nutzung dieser Website (climalux.nu) unterliegt den folgenden Nutzungsbedingungen. Mit der Nutzung dieser Website erkl\u00e4ren Sie, dass Sie die Nutzungsbedingungen gelesen und akzeptiert haben.\n\n<strong>Nutzung der Informationen<\/strong>\nClimaLux B.V. bem\u00fcht sich, auf dieser Website stets korrekte und aktuelle Informationen anzubieten. Obwohl diese Informationen mit gr\u00f6\u00dftm\u00f6glicher Sorgfalt zusammengestellt wurden, \u00fcbernimmt ClimaLux B.V. keine Garantie f\u00fcr die Vollst\u00e4ndigkeit, Richtigkeit oder Aktualit\u00e4t der Informationen. Die rechtlichen Informationen auf der Website sind allgemeiner Natur und k\u00f6nnen nicht als Ersatz f\u00fcr eine Rechtsberatung angesehen werden.  \n\nAus den Informationen k\u00f6nnen keine Rechte abgeleitet werden. ClimaLux B.V. \u00fcbernimmt keine Haftung f\u00fcr Sch\u00e4den, die sich aus der Nutzung der Informationen oder der Website ergeben, und auch nicht f\u00fcr das Nichtfunktionieren der Website. \n\nAufgrund des Versands und Empfangs von Informationen \u00fcber die Website oder per E-Mail kann zwischen ClimaLux B.V. und dem Nutzer der Website nicht automatisch eine Beziehung entstehen.\n\n<strong>E-Mail<\/strong>\nClimaLux B.V. garantiert nicht, dass an ClimaLux B.V. gesendete E-Mails empfangen oder (rechtzeitig) bearbeitet werden, da der rechtzeitige Empfang von E-Mails nicht garantiert werden kann. Auch die Sicherheit des E-Mail-Verkehrs kann aufgrund der damit verbundenen Sicherheitsrisiken nicht vollst\u00e4ndig gew\u00e4hrleistet werden. Indem Sie mit ClimaLux B.V. per E-Mail ohne Verschl\u00fcsselung oder Passwortschutz korrespondieren, akzeptieren Sie dieses Risiko.  \n\n<strong>Hyperlinks<\/strong>\nDiese Website kann Hyperlinks zu Websites Dritter enthalten. ClimaLux B.V. hat keinen Einfluss auf die Websites Dritter und ist nicht verantwortlich f\u00fcr deren Verf\u00fcgbarkeit oder Inhalt. ClimaLux B.V. \u00fcbernimmt daher keine Haftung f\u00fcr Sch\u00e4den, die sich aus der Nutzung von Websites Dritter ergeben.  \n\n<strong>Rechte an geistigem Eigentum<\/strong>\nAlle Ver\u00f6ffentlichungen und \u00c4u\u00dferungen von ClimaLux B.V. sind durch das Urheberrecht und andere Rechte an geistigem Eigentum gesch\u00fctzt. Au\u00dfer f\u00fcr den pers\u00f6nlichen und nicht-kommerziellen Gebrauch darf nichts aus diesen Ver\u00f6ffentlichungen und \u00c4u\u00dferungen ohne die vorherige schriftliche Zustimmung von ClimaLux B.V. in irgendeiner Weise reproduziert, kopiert oder ver\u00f6ffentlicht werden. \t\t\t\t\t\t\t\t<\/div>\n\t\t\t\t<\/div>\n\t\t\t\t\t<\/div>\n\t\t\t\t<\/div>\n\t\t\t\t<\/div>\n\t\t","protected":false},"excerpt":{"rendered":"<p>Die Nutzung dieser Website (climalux.nu) unterliegt den folgenden Nutzungsbedingungen. Mit der Nutzung dieser Website erkl\u00e4ren Sie, dass Sie die Nutzungsbedingungen gelesen und akzeptiert haben. Nutzung der Informationen ClimaLux B.V. bem\u00fcht sich, auf dieser Website stets korrekte und aktuelle Informationen anzubieten. Obwohl diese Informationen mit gr\u00f6\u00dftm\u00f6glicher Sorgfalt zusammengestellt wurden, \u00fcbernimmt ClimaLux B.V. keine Garantie f\u00fcr die [&hellip;]<\/p>\n","protected":false},"author":1,"featured_media":0,"parent":0,"menu_order":0,"comment_status":"closed","ping_status":"closed","template":"","meta":{"_acf_changed":false,"footnotes":""},"class_list":["post-1689","page","type-page","status-publish","hentry"],"acf":[],"_links":{"self":[{"href":"https:\/\/climalux.nu\/de\/wp-json\/wp\/v2\/pages\/1689","targetHints":{"allow":["GET"]}}],"collection":[{"href":"https:\/\/climalux.nu\/de\/wp-json\/wp\/v2\/pages"}],"about":[{"href":"https:\/\/climalux.nu\/de\/wp-json\/wp\/v2\/types\/page"}],"author":[{"embeddable":true,"href":"https:\/\/climalux.nu\/de\/wp-json\/wp\/v2\/users\/1"}],"replies":[{"embeddable":true,"href":"https:\/\/climalux.nu\/de\/wp-json\/wp\/v2\/comments?post=1689"}],"version-history":[{"count":0,"href":"https:\/\/climalux.nu\/de\/wp-json\/wp\/v2\/pages\/1689\/revisions"}],"wp:attachment":[{"href":"https:\/\/climalux.nu\/de\/wp-json\/wp\/v2\/media?parent=1689"}],"curies":[{"name":"wp","href":"https:\/\/api.w.org\/{rel}","templated":true}]}}